{"id":140,"date":"2024-07-18T09:50:39","date_gmt":"2024-07-18T09:50:39","guid":{"rendered":"https:\/\/almeda.ee\/eriarstid\/?page_id=140"},"modified":"2025-03-14T09:21:10","modified_gmt":"2025-03-14T09:21:10","slug":"almeda","status":"publish","type":"page","link":"https:\/\/almeda.ee\/eriarstid\/","title":{"rendered":""},"content":{"rendered":"\n<h1 class=\"wp-block-heading\"><\/h1>\n\n\n\n<div class=\"wp-block-columns is-layout-flex wp-container-core-columns-is-layout-9d6595d7 wp-block-columns-is-layout-flex\">\n<div class=\"wp-block-column is-layout-flow wp-block-column-is-layout-flow\">\n<p class=\"has-text-align-center\">Meie kliinik teeb koost\u00f6\u00f6d Eesti Tervisekassaga.<br><\/p>\n\n\n\n<p class=\"has-text-align-center\">Alates 01.04.2025 on ambulatoorse eriarsti vastuv\u00f5tu visiiditasu 20 eurot.\u00a0<br>Soodsam, 5-eurone visiiditasu kehtib alates 01.04.2025:<br>alla 19-aastastele, \u00fcle 63-aastastele, t\u00f6\u00f6tutele, v\u00e4henenud t\u00f6\u00f6v\u00f5imega inimestele.<br>K\u00f5ik korduvad visiidid on tasuta.<\/p>\n<\/div>\n\n\n\n<div class=\"wp-block-column is-layout-flow wp-block-column-is-layout-flow\"><div class=\"wp-block-image is-style-default\">\n<figure class=\"aligncenter size-full is-resized\"><img loading=\"lazy\" decoding=\"async\" width=\"230\" height=\"219\" src=\"https:\/\/almeda.ee\/eriarstid\/wp-content\/uploads\/2024\/07\/tervisekassa-1.png\" alt=\"\" class=\"wp-image-533\" style=\"width:230px;height:auto\" srcset=\"https:\/\/almeda.ee\/eriarstid\/wp-content\/uploads\/2024\/07\/tervisekassa-1.png 230w, https:\/\/almeda.ee\/eriarstid\/wp-content\/uploads\/2024\/07\/tervisekassa-1-210x200.png 210w\" sizes=\"auto, (max-width: 230px) 100vw, 230px\" \/><\/figure>\n<\/div><\/div>\n<\/div>\n\n\n\n<p><\/p>\n","protected":false},"excerpt":{"rendered":"<p>Meie kliinik teeb koost\u00f6\u00f6d Eesti Tervisekassaga. Alates 01.04.2025 on ambulatoorse eriarsti vastuv\u00f5tu visiiditasu 20 eurot.\u00a0Soodsam, 5-eurone visiiditasu kehtib alates 01.04.2025:alla 19-aastastele, \u00fcle 63-aastastele, t\u00f6\u00f6tutele, v\u00e4henenud t\u00f6\u00f6v\u00f5imega inimestele.K\u00f5ik korduvad visiidid on tasuta.<\/p>\n","protected":false},"author":1,"featured_media":0,"parent":0,"menu_order":0,"comment_status":"closed","ping_status":"closed","template":"","meta":{"footnotes":""},"class_list":["post-140","page","type-page","status-publish","hentry"],"_links":{"self":[{"href":"https:\/\/almeda.ee\/eriarstid\/wp-json\/wp\/v2\/pages\/140","targetHints":{"allow":["GET"]}}],"collection":[{"href":"https:\/\/almeda.ee\/eriarstid\/wp-json\/wp\/v2\/pages"}],"about":[{"href":"https:\/\/almeda.ee\/eriarstid\/wp-json\/wp\/v2\/types\/page"}],"author":[{"embeddable":true,"href":"https:\/\/almeda.ee\/eriarstid\/wp-json\/wp\/v2\/users\/1"}],"replies":[{"embeddable":true,"href":"https:\/\/almeda.ee\/eriarstid\/wp-json\/wp\/v2\/comments?post=140"}],"version-history":[{"count":9,"href":"https:\/\/almeda.ee\/eriarstid\/wp-json\/wp\/v2\/pages\/140\/revisions"}],"predecessor-version":[{"id":572,"href":"https:\/\/almeda.ee\/eriarstid\/wp-json\/wp\/v2\/pages\/140\/revisions\/572"}],"wp:attachment":[{"href":"https:\/\/almeda.ee\/eriarstid\/wp-json\/wp\/v2\/media?parent=140"}],"curies":[{"name":"wp","href":"https:\/\/api.w.org\/{rel}","templated":true}]}}