{"id":161,"date":"2024-07-22T11:41:10","date_gmt":"2024-07-22T11:41:10","guid":{"rendered":"https:\/\/almeda.ee\/eriarstid\/?page_id=161"},"modified":"2025-12-19T07:32:47","modified_gmt":"2025-12-19T07:32:47","slug":"asukohad-ja-kontaktid","status":"publish","type":"page","link":"https:\/\/almeda.ee\/eriarstid\/asukohad-ja-kontaktid\/","title":{"rendered":"Asukohad ja kontaktid"},"content":{"rendered":"\n<div class=\"wp-block-group\"><div class=\"wp-block-group__inner-container is-layout-constrained wp-block-group-is-layout-constrained\">\n<h6 class=\"wp-block-heading\"><strong>Narva Kliinik<\/strong><\/h6>\n\n\n\n<p>\u00dcldkirurgia, Oftalmoloogia, Otolar\u00fcngoloogia<\/p>\n\n\n\n<p><a href=\"https:\/\/g.co\/kgs\/rzgvNCh\" target=\"_blank\" rel=\"noreferrer noopener\">Aasa 4, 20605 Narva<\/a> <\/p>\n\n\n\n<p>Registratuur<br>+372 3573530<\/p>\n\n\n\n<p>Avatud<br>E-R 08:00 &#8211; 18:00<\/p>\n<\/div><\/div>\n\n\n\n<div class=\"wp-block-group\"><div class=\"wp-block-group__inner-container is-layout-constrained wp-block-group-is-layout-constrained\">\n<h6 class=\"wp-block-heading\"><strong>Lasnam\u00e4e Tervisemaja<\/strong><\/h6>\n\n\n\n<p>Oftalmoloogia, Otolar\u00fcngoloogia<\/p>\n\n\n\n<p><a href=\"https:\/\/www.google.com\/maps\/place\/\/data=!4m2!3m1!1s0x4692ecdd55a4f5e9:0xdd88724ba0ce188f?sa=X&amp;ved=1t:8290&amp;ictx=111\" target=\"_blank\" rel=\"noreferrer noopener\">Linnam\u00e4e tee 3, 13912 Tallinn<\/a> <br>2. korrus<\/p>\n\n\n\n<p>Registratuur<br>+372 6001105<\/p>\n\n\n\n<p>Avatud<br>E-R 09:00 &#8211; 17:00<\/p>\n<\/div><\/div>\n\n\n\n<div class=\"wp-block-group\"><div class=\"wp-block-group__inner-container is-layout-constrained wp-block-group-is-layout-constrained\">\n<h6 class=\"wp-block-heading\"><strong>Sillam\u00e4e Tervisekeskus<\/strong><\/h6>\n\n\n\n<p>Taastusravi<\/p>\n\n\n\n<p><a href=\"https:\/\/maps.app.goo.gl\/g9Fx73QCnhhtFnkq8\" target=\"_blank\" rel=\"noreferrer noopener\">Ivan Pavlovi 12, 40232 Sillam\u00e4e<\/a><\/p>\n\n\n\n<p>Registratuur<br>+372 3573530<\/p>\n\n\n\n<p>Avatud<br>E-R 08:00 &#8211; 16:00<\/p>\n<\/div><\/div>\n\n\n\n<div class=\"wp-block-group\"><div class=\"wp-block-group__inner-container is-layout-constrained wp-block-group-is-layout-constrained\">\n<h6 class=\"wp-block-heading\"><strong>Haigla 6, Narva<\/strong><\/h6>\n\n\n\n<p>Taastusravi<\/p>\n\n\n\n<p><a href=\"https:\/\/maps.app.goo.gl\/JpdH87LjJx9GRGeR9\" target=\"_blank\" rel=\"noreferrer noopener\">Haigla 6, 20104 Narva<\/a><br>2. korrus kabinet 209<\/p>\n\n\n\n<p>Registratuur<br>+372 3572277<\/p>\n\n\n\n<p>Avatud<br>E-R 08:00 &#8211; 16:00<\/p>\n<\/div><\/div>\n","protected":false},"excerpt":{"rendered":"<p>Narva Kliinik \u00dcldkirurgia, Oftalmoloogia, Otolar\u00fcngoloogia Aasa 4, 20605 Narva Registratuur+372 3573530 AvatudE-R 08:00 &#8211; 18:00 Lasnam\u00e4e Tervisemaja Oftalmoloogia, Otolar\u00fcngoloogia Linnam\u00e4e tee 3, 13912 Tallinn 2. korrus Registratuur+372 6001105 AvatudE-R 09:00 &#8211; 17:00 Sillam\u00e4e Tervisekeskus Taastusravi Ivan Pavlovi 12, 40232 Sillam\u00e4e Registratuur+372 3573530 AvatudE-R 08:00 &#8211; 16:00 Haigla 6, Narva Taastusravi &hellip;<\/p>\n","protected":false},"author":2,"featured_media":613,"parent":0,"menu_order":0,"comment_status":"closed","ping_status":"closed","template":"","meta":{"footnotes":""},"class_list":["post-161","page","type-page","status-publish","has-post-thumbnail","hentry"],"_links":{"self":[{"href":"https:\/\/almeda.ee\/eriarstid\/wp-json\/wp\/v2\/pages\/161","targetHints":{"allow":["GET"]}}],"collection":[{"href":"https:\/\/almeda.ee\/eriarstid\/wp-json\/wp\/v2\/pages"}],"about":[{"href":"https:\/\/almeda.ee\/eriarstid\/wp-json\/wp\/v2\/types\/page"}],"author":[{"embeddable":true,"href":"https:\/\/almeda.ee\/eriarstid\/wp-json\/wp\/v2\/users\/2"}],"replies":[{"embeddable":true,"href":"https:\/\/almeda.ee\/eriarstid\/wp-json\/wp\/v2\/comments?post=161"}],"version-history":[{"count":36,"href":"https:\/\/almeda.ee\/eriarstid\/wp-json\/wp\/v2\/pages\/161\/revisions"}],"predecessor-version":[{"id":627,"href":"https:\/\/almeda.ee\/eriarstid\/wp-json\/wp\/v2\/pages\/161\/revisions\/627"}],"wp:featuredmedia":[{"embeddable":true,"href":"https:\/\/almeda.ee\/eriarstid\/wp-json\/wp\/v2\/media\/613"}],"wp:attachment":[{"href":"https:\/\/almeda.ee\/eriarstid\/wp-json\/wp\/v2\/media?parent=161"}],"curies":[{"name":"wp","href":"https:\/\/api.w.org\/{rel}","templated":true}]}}