{"id":171,"date":"2024-07-23T11:58:05","date_gmt":"2024-07-23T11:58:05","guid":{"rendered":"https:\/\/almeda.ee\/eriarstid\/?page_id=171"},"modified":"2025-03-14T08:50:02","modified_gmt":"2025-03-14T08:50:02","slug":"meist","status":"publish","type":"page","link":"https:\/\/almeda.ee\/eriarstid\/meist\/","title":{"rendered":"Meist"},"content":{"rendered":"\n<p><strong>Almeda Kliinik &#8211; p\u00fchendunud raviasutus aastast 1991<\/strong><\/p>\n\n\n\n<p>Almeda Kliinik on koht, kus tervis on k\u00f5rgeima t\u00e4htsusega. Meie meeskond koosneb kogenud ja p\u00fchendunud spetsialistidest, kes teevad k\u00f5ik, et tagada teie heaolu. Me usume, et tervishoid on iga\u00fche \u00f5igus ja meie kohustus on seda \u00f5igust kaitsta ja edendada. T\u00e4name, et usaldate oma tervise meie hoolde.<\/p>\n\n\n\n<p><strong>Missioon<\/strong><\/p>\n\n\n\n<p>Almeda Kliinik on p\u00fchendunud pakkuma kvaliteetseid tervishoiuteenuseid, keskendudes iga patsiendi individuaalsetele vajadustele. Meie eesm\u00e4rk on parandada inimeste elukvaliteeti l\u00e4bi tervikliku ja innovaatilise l\u00e4henemise meditsiinile.<\/p>\n\n\n\n<p><strong>Visioon<\/strong><\/p>\n\n\n\n<p>Meie visioon on olla tervishoiuasutus, mis oleks tuntud oma tipptaseme, usaldusv\u00e4\u00e4rsuse ja patsiendikeskse hoolduse poolest. Soovime olla teerajajad tervishoiusektoris, pakkudes uudseid lahendusi ja edendades meditsiinilist teadlikkust.<\/p>\n\n\n\n<p><strong>Eesm\u00e4rk<\/strong><\/p>\n\n\n\n<p>Meie eesm\u00e4rk on pakkuda terviklikku ja k\u00f5rge kvaliteediga meditsiinilist abi, mis p\u00f5hineb uusimatel teadusuuringutel ja parimatel praktikatel. Me p\u00fc\u00fcame luua sooja ja toetava keskkonna, kus iga patsient tunneb end v\u00e4\u00e4rtustatuna ja hoolitsetuna.<br><br><\/p>\n\n\n\n<p><strong>Meie projektid:<\/strong><\/p>\n\n\n\n<figure class=\"wp-block-embed is-type-wp-embed is-provider-almeda-kliinik wp-block-embed-almeda-kliinik\"><div class=\"wp-block-embed__wrapper\">\n<blockquote class=\"wp-embedded-content\" data-secret=\"uPj9wSpJja\"><a href=\"https:\/\/almeda.ee\/eriarstid\/projekt-integreeritud-sotsiaal-ja-tervishoiuteenustega-hooldekodu-rajamine-sillamaele\/\">Projekt &#8220;Integreeritud sotsiaal- ja tervishoiuteenustega hooldekodu rajamine Sillam\u00e4ele&#8221;<\/a><\/blockquote><iframe loading=\"lazy\" class=\"wp-embedded-content\" sandbox=\"allow-scripts\" security=\"restricted\" style=\"position: absolute; visibility: hidden;\" title=\"&#8220;Projekt &#8220;Integreeritud sotsiaal- ja tervishoiuteenustega hooldekodu rajamine Sillam\u00e4ele&#8221;&#8221; &#8212; Almeda Kliinik\" src=\"https:\/\/almeda.ee\/eriarstid\/projekt-integreeritud-sotsiaal-ja-tervishoiuteenustega-hooldekodu-rajamine-sillamaele\/embed\/#?secret=4nVKTod2mq#?secret=uPj9wSpJja\" data-secret=\"uPj9wSpJja\" width=\"600\" height=\"338\" frameborder=\"0\" marginwidth=\"0\" marginheight=\"0\" scrolling=\"no\"><\/iframe>\n<\/div><\/figure>\n","protected":false},"excerpt":{"rendered":"<p>Almeda Kliinik &#8211; p\u00fchendunud raviasutus aastast 1991 Almeda Kliinik on koht, kus tervis on k\u00f5rgeima t\u00e4htsusega. Meie meeskond koosneb kogenud ja p\u00fchendunud spetsialistidest, kes teevad k\u00f5ik, et tagada teie heaolu. Me usume, et tervishoid on iga\u00fche \u00f5igus ja meie kohustus on seda \u00f5igust kaitsta ja edendada. T\u00e4name, et usaldate oma &hellip;<\/p>\n","protected":false},"author":2,"featured_media":0,"parent":0,"menu_order":0,"comment_status":"closed","ping_status":"closed","template":"","meta":{"footnotes":""},"class_list":["post-171","page","type-page","status-publish","hentry"],"_links":{"self":[{"href":"https:\/\/almeda.ee\/eriarstid\/wp-json\/wp\/v2\/pages\/171","targetHints":{"allow":["GET"]}}],"collection":[{"href":"https:\/\/almeda.ee\/eriarstid\/wp-json\/wp\/v2\/pages"}],"about":[{"href":"https:\/\/almeda.ee\/eriarstid\/wp-json\/wp\/v2\/types\/page"}],"author":[{"embeddable":true,"href":"https:\/\/almeda.ee\/eriarstid\/wp-json\/wp\/v2\/users\/2"}],"replies":[{"embeddable":true,"href":"https:\/\/almeda.ee\/eriarstid\/wp-json\/wp\/v2\/comments?post=171"}],"version-history":[{"count":14,"href":"https:\/\/almeda.ee\/eriarstid\/wp-json\/wp\/v2\/pages\/171\/revisions"}],"predecessor-version":[{"id":614,"href":"https:\/\/almeda.ee\/eriarstid\/wp-json\/wp\/v2\/pages\/171\/revisions\/614"}],"wp:attachment":[{"href":"https:\/\/almeda.ee\/eriarstid\/wp-json\/wp\/v2\/media?parent=171"}],"curies":[{"name":"wp","href":"https:\/\/api.w.org\/{rel}","templated":true}]}}