{"id":235,"date":"2024-07-25T12:07:45","date_gmt":"2024-07-25T12:07:45","guid":{"rendered":"https:\/\/almeda.ee\/eriarstid\/?page_id=235"},"modified":"2025-09-05T11:27:09","modified_gmt":"2025-09-05T11:27:09","slug":"silmahaigused","status":"publish","type":"page","link":"https:\/\/almeda.ee\/eriarstid\/silmahaigused\/","title":{"rendered":"Silmahaigused (Oftlamoloogia)"},"content":{"rendered":"\n<p>Oftalmoloogia on meditsiinivaldkond, mis keskendub silmade tervisele, n\u00e4gemise s\u00e4ilitamisele ja silmahaiguste ravile. Meie spetsialistid tegelevad nii tavaliste n\u00e4gemisprobleemide kui ka keeruliste silmahaiguste diagnoosimise ja raviga. Pakume individuaalselt kohandatud lahendusi, mis p\u00f5hinevad uusimatel teadusuuringutel ja meditsiinipraktikatel.<\/p>\n\n\n\n<p>Diagnoosime erinevaid silmapatoloogiaid, n\u00e4iteks hallkaed, glaukoomi, sarvkesta haigusi ja v\u00f5rkkesta haigusi, neurooftalmoloogilisi, pisarateede, silmalaugude ja&nbsp;<em>orbita<\/em>&nbsp;(ehk silmakoopa) patoloogiaid. <\/p>\n\n\n\n<p>Kasutame oma t\u00f6\u00f6s igap\u00e4evaselt erinevaid silmade uuringuid: refraktomeeriat, tonomeetriat, pahh\u00fcmeetriat, optilist koherentset tomograafiat (OCT), vaatev\u00e4lja uuringuid, kuiva silma uuringuid. <\/p>\n\n\n\n<p>Teostame intravitreaalset ravi (silmas\u00fcstid), laugude operatiivset ravi, selektiivset lasertrabekuloplastikaid, laseriridotoomiaid, l\u00e4\u00e4tsekapsli l\u00f5hestamist YAG-laseriga. <\/p>\n\n\n\n<p><strong>Erinevate silmaalaste spetsialistide \u00fclevaade abiks p\u00f6\u00f6rdumisel:<\/strong><\/p>\n\n\n\n<ul class=\"wp-block-list\">\n<li>Silmaarstid&nbsp;on meditsiinidoktorid, kes on spetsialiseerunud silmahaigustele, silmade struktuuri ja funktsiooni s\u00fcgavamale uurimisele ning raskemate silmahaiguste diagnoosimisele ja ravile.<\/li>\n\n\n\n<li>Silma\u00f5ed on abiks krooniliste haiguste (n\u00e4iteks glaukoom, kuiva silma s\u00fcndroom) j\u00e4lgimiseks on silmaarstide k\u00f5rval.<\/li>\n\n\n\n<li>Optometristid&nbsp;on tervishoiuala spetsialistid, kelle p\u00f5hi\u00fclesanneteks on inimeste n\u00e4gemisfunktsiooni uurimine ja korrigeerimine, prillide, kontaktl\u00e4\u00e4tsede ja teiste optiliste abivahendite sobitamine, valmistamine ja pisiremont. <\/li>\n<\/ul>\n\n\n\n<p><strong>M\u00f5ned n\u00e4ited silmaarsti kontrolli prof\u00fclaktilistest vajadustest:<\/strong><\/p>\n\n\n\n<ul class=\"wp-block-list\">\n<li>40-60 aastastel oleks hea oma silmade seisundit regulaarselt silmaarsti juures kontrollida, kord 2-3 aasta tagant.<\/li>\n\n\n\n<li>\u00dcle 60 aastastel soovitatakse silmaarsti juures k\u00e4ia kord aastas.<\/li>\n\n\n\n<li>Suhkruhaiguse t\u00f5ttu 1-2 aasta tagant<\/li>\n\n\n\n<li>Soodumus p\u00e4rilikeks silmahaigusteks<\/li>\n<\/ul>\n\n\n\n<p>Kuigi silman\u00e4gemise kontrollimisega tegelevad nii silmaarstid kui optometristid, siis prilliretsepti kirjutab v\u00e4lja optometrist (v.a. juhul kui optometrist suunab arsti juurde prilli m\u00e4\u00e4ramiseks).<\/p>\n\n\n\n<p><br><strong>Pakume oftalmoloogilist abi j\u00e4rgnevates asukohtades:<\/strong><\/p>\n\n\n\n<div class=\"wp-block-columns is-layout-flex wp-container-core-columns-is-layout-9d6595d7 wp-block-columns-is-layout-flex\">\n<div class=\"wp-block-column is-layout-flow wp-block-column-is-layout-flow\">\n<p><strong>Lasnam\u00e4e Tervisemaja<br><\/strong><a href=\"https:\/\/www.google.com\/maps\/place\/\/data=!4m2!3m1!1s0x4692ecdd55a4f5e9:0xdd88724ba0ce188f?sa=X&amp;ved=1t:8290&amp;ictx=111\" target=\"_blank\" rel=\"noreferrer noopener\">Linnam\u00e4e tee 3, 13912 Tallinn<br><\/a>2. korrus<br>Registratuur: +372 6001105<br>tervisemaja@estmedica.ee<br>Avatud: E-R 09:00 \u2013 17:00<\/p>\n\n\n\n<div class=\"wp-block-buttons is-layout-flex wp-block-buttons-is-layout-flex\">\n<div class=\"wp-block-button\"><a class=\"wp-block-button__link has-accent-1-background-color has-background wp-element-button\" href=\"https:\/\/veebiregistratuur.ee\/all\/74?specialty=15&amp;region=129&amp;options=expanded\" target=\"_blank\" rel=\"noreferrer noopener\">Broneeri aeg<\/a><\/div>\n<\/div>\n<\/div>\n\n\n\n<div class=\"wp-block-column is-layout-flow wp-block-column-is-layout-flow\">\n<p><strong>Narva Kliinik<\/strong><br><a href=\"https:\/\/g.co\/kgs\/rzgvNCh\" target=\"_blank\" rel=\"noreferrer noopener\">Aasa 4, 20605 Narva<\/a><br>Registratuur: +372 3573530<br>Avatud: E-R 08:00 \u2013 18:00<\/p>\n\n\n\n<div class=\"wp-block-buttons is-layout-flex wp-block-buttons-is-layout-flex\">\n<div class=\"wp-block-button\"><a class=\"wp-block-button__link has-accent-1-background-color has-background wp-element-button\" href=\"https:\/\/veebiregistratuur.ee\/all\/74?specialty=15&amp;region=3&amp;options=expanded\" target=\"_blank\" rel=\"noreferrer noopener\">Broneeri aeg<\/a><\/div>\n<\/div>\n<\/div>\n<\/div>\n\n\n\n<p><\/p>\n","protected":false},"excerpt":{"rendered":"<p>Oftalmoloogia on meditsiinivaldkond, mis keskendub silmade tervisele, n\u00e4gemise s\u00e4ilitamisele ja silmahaiguste ravile. Meie spetsialistid tegelevad nii tavaliste n\u00e4gemisprobleemide kui ka keeruliste silmahaiguste diagnoosimise ja raviga. Pakume individuaalselt kohandatud lahendusi, mis p\u00f5hinevad uusimatel teadusuuringutel ja meditsiinipraktikatel. Diagnoosime erinevaid silmapatoloogiaid, n\u00e4iteks hallkaed, glaukoomi, sarvkesta haigusi ja v\u00f5rkkesta haigusi, neurooftalmoloogilisi, pisarateede, silmalaugude ja&nbsp;orbita&nbsp;(ehk &hellip;<\/p>\n","protected":false},"author":2,"featured_media":71,"parent":0,"menu_order":0,"comment_status":"closed","ping_status":"closed","template":"","meta":{"footnotes":""},"class_list":["post-235","page","type-page","status-publish","has-post-thumbnail","hentry"],"_links":{"self":[{"href":"https:\/\/almeda.ee\/eriarstid\/wp-json\/wp\/v2\/pages\/235","targetHints":{"allow":["GET"]}}],"collection":[{"href":"https:\/\/almeda.ee\/eriarstid\/wp-json\/wp\/v2\/pages"}],"about":[{"href":"https:\/\/almeda.ee\/eriarstid\/wp-json\/wp\/v2\/types\/page"}],"author":[{"embeddable":true,"href":"https:\/\/almeda.ee\/eriarstid\/wp-json\/wp\/v2\/users\/2"}],"replies":[{"embeddable":true,"href":"https:\/\/almeda.ee\/eriarstid\/wp-json\/wp\/v2\/comments?post=235"}],"version-history":[{"count":21,"href":"https:\/\/almeda.ee\/eriarstid\/wp-json\/wp\/v2\/pages\/235\/revisions"}],"predecessor-version":[{"id":581,"href":"https:\/\/almeda.ee\/eriarstid\/wp-json\/wp\/v2\/pages\/235\/revisions\/581"}],"wp:featuredmedia":[{"embeddable":true,"href":"https:\/\/almeda.ee\/eriarstid\/wp-json\/wp\/v2\/media\/71"}],"wp:attachment":[{"href":"https:\/\/almeda.ee\/eriarstid\/wp-json\/wp\/v2\/media?parent=235"}],"curies":[{"name":"wp","href":"https:\/\/api.w.org\/{rel}","templated":true}]}}