{"id":237,"date":"2024-07-25T12:22:25","date_gmt":"2024-07-25T12:22:25","guid":{"rendered":"https:\/\/almeda.ee\/eriarstid\/?page_id=237"},"modified":"2025-09-05T11:28:54","modified_gmt":"2025-09-05T11:28:54","slug":"korva-nina-kurguarst-ehk-otorinolarungoloog","status":"publish","type":"page","link":"https:\/\/almeda.ee\/eriarstid\/korva-nina-kurguarst-ehk-otorinolarungoloog\/","title":{"rendered":"K\u00f5rva-nina-kurguarst ehk otorinolar\u00fcngoloog"},"content":{"rendered":"\n<p>K\u00f5rva-nina-kurguarst ehk otorinolar\u00fcngoloog tegeleb t\u00e4iskasvanute ja laste k\u00f5rva-nina-kurguhaiguste diagnostika ja raviga.<\/p>\n\n\n\n<p>Tihti p\u00f6\u00f6rdutakse erinevate p\u00f5letike t\u00f5ttu, sagedaste ninaverejooksude, kuulmislangusega, tinnitusega, pearinglusega, tasakaaluh\u00e4irega, neelamisraskusega, t\u00fckitundega, hingamisraskuse, h\u00e4\u00e4leh\u00e4iretega, k\u00f5neh\u00e4iretega, allergiatega, kasvajatega, norskamisega, uneapnoega.&nbsp;Samuti konsulteerib k\u00f5rva-nina-kurguarst kurgmandlite, adenoidide eemaldamise v\u00f5i muu otorinolar\u00fcngoloogia alase operatsiooni suhtes.<\/p>\n\n\n\n<p>K\u00f5rva-nina-kurguarst teeb l\u00e4bivaatuse, hindab kaebuseid ja otsustab t\u00e4iendavate uuringute vajalikkuse \u00fcle. Vajadusel teostatakse audiomeetria, t\u00fcmpanomeetria v\u00f5i muud vajaliku uuringut.<\/p>\n\n\n\n<p><br><strong>Pakume otolar\u00fcngoloogilist abi j\u00e4rgnevates asukohtades:<\/strong><\/p>\n\n\n\n<div class=\"wp-block-columns is-layout-flex wp-container-core-columns-is-layout-9d6595d7 wp-block-columns-is-layout-flex\">\n<div class=\"wp-block-column is-layout-flow wp-block-column-is-layout-flow\">\n<p><strong>Lasnam\u00e4e Tervisemaja<br><\/strong><a href=\"https:\/\/www.google.com\/maps\/place\/\/data=!4m2!3m1!1s0x4692ecdd55a4f5e9:0xdd88724ba0ce188f?sa=X&amp;ved=1t:8290&amp;ictx=111\" target=\"_blank\" rel=\"noreferrer noopener\">Linnam\u00e4e tee 3, 13912 Tallinn<br><\/a>2. korrus<br>Registratuur: +372 6001105<br>tervisemaja@estmedica.ee<br>Avatud: E-R 09:00 \u2013 17:00<\/p>\n\n\n\n<div class=\"wp-block-buttons is-layout-flex wp-block-buttons-is-layout-flex\">\n<div class=\"wp-block-button\"><a class=\"wp-block-button__link has-accent-1-background-color has-background wp-element-button\" href=\"https:\/\/veebiregistratuur.ee\/all\/74?specialty=18&amp;region=1&amp;options=expanded\" target=\"_blank\" rel=\"noreferrer noopener\">Broneeri aeg<\/a><\/div>\n<\/div>\n<\/div>\n\n\n\n<div class=\"wp-block-column is-layout-flow wp-block-column-is-layout-flow\">\n<p><strong>Narva Kliinik<\/strong><br><a href=\"https:\/\/g.co\/kgs\/rzgvNCh\" target=\"_blank\" rel=\"noreferrer noopener\">Aasa 4, 20605 Narva<\/a><br>Registratuur: +372 3573530<br>Avatud: E-R 08:00 \u2013 18:00<\/p>\n\n\n\n<div class=\"wp-block-buttons is-layout-flex wp-block-buttons-is-layout-flex\">\n<div class=\"wp-block-button\"><a class=\"wp-block-button__link has-accent-1-background-color has-background wp-element-button\" href=\"https:\/\/veebiregistratuur.ee\/all\/74?specialty=18&amp;region=3&amp;options=expanded\" target=\"_blank\" rel=\"noreferrer noopener\">Broneeri aeg<\/a><\/div>\n<\/div>\n<\/div>\n<\/div>\n\n\n\n<p><\/p>\n","protected":false},"excerpt":{"rendered":"<p>K\u00f5rva-nina-kurguarst ehk otorinolar\u00fcngoloog tegeleb t\u00e4iskasvanute ja laste k\u00f5rva-nina-kurguhaiguste diagnostika ja raviga. Tihti p\u00f6\u00f6rdutakse erinevate p\u00f5letike t\u00f5ttu, sagedaste ninaverejooksude, kuulmislangusega, tinnitusega, pearinglusega, tasakaaluh\u00e4irega, neelamisraskusega, t\u00fckitundega, hingamisraskuse, h\u00e4\u00e4leh\u00e4iretega, k\u00f5neh\u00e4iretega, allergiatega, kasvajatega, norskamisega, uneapnoega.&nbsp;Samuti konsulteerib k\u00f5rva-nina-kurguarst kurgmandlite, adenoidide eemaldamise v\u00f5i muu otorinolar\u00fcngoloogia alase operatsiooni suhtes. K\u00f5rva-nina-kurguarst teeb l\u00e4bivaatuse, hindab kaebuseid ja otsustab t\u00e4iendavate &hellip;<\/p>\n","protected":false},"author":2,"featured_media":0,"parent":0,"menu_order":0,"comment_status":"closed","ping_status":"closed","template":"","meta":{"footnotes":""},"class_list":["post-237","page","type-page","status-publish","hentry"],"_links":{"self":[{"href":"https:\/\/almeda.ee\/eriarstid\/wp-json\/wp\/v2\/pages\/237","targetHints":{"allow":["GET"]}}],"collection":[{"href":"https:\/\/almeda.ee\/eriarstid\/wp-json\/wp\/v2\/pages"}],"about":[{"href":"https:\/\/almeda.ee\/eriarstid\/wp-json\/wp\/v2\/types\/page"}],"author":[{"embeddable":true,"href":"https:\/\/almeda.ee\/eriarstid\/wp-json\/wp\/v2\/users\/2"}],"replies":[{"embeddable":true,"href":"https:\/\/almeda.ee\/eriarstid\/wp-json\/wp\/v2\/comments?post=237"}],"version-history":[{"count":7,"href":"https:\/\/almeda.ee\/eriarstid\/wp-json\/wp\/v2\/pages\/237\/revisions"}],"predecessor-version":[{"id":583,"href":"https:\/\/almeda.ee\/eriarstid\/wp-json\/wp\/v2\/pages\/237\/revisions\/583"}],"wp:attachment":[{"href":"https:\/\/almeda.ee\/eriarstid\/wp-json\/wp\/v2\/media?parent=237"}],"curies":[{"name":"wp","href":"https:\/\/api.w.org\/{rel}","templated":true}]}}