{"id":283,"date":"2024-07-24T10:56:39","date_gmt":"2024-07-24T10:56:39","guid":{"rendered":"https:\/\/almeda.ee\/eriarstid\/?page_id=283"},"modified":"2025-12-18T15:14:24","modified_gmt":"2025-12-18T15:14:24","slug":"ravijarjekorra-pidamise-reeglid-2","status":"publish","type":"page","link":"https:\/\/almeda.ee\/eriarstid\/ravijarjekorra-pidamise-reeglid-2\/","title":{"rendered":"Ravij\u00e4rjekorra pidamise reeglid"},"content":{"rendered":"\n<p>Patsiendi ravij\u00e4rjekorda registreerimine on tagatud telefoni, digiregistratuuri v\u00f5i registratuuris kohapeal.<\/p>\n\n\n\n<p><strong>Ravij\u00e4rjekorda saab registreerida:<\/strong><\/p>\n\n\n\n<ul class=\"wp-block-list\">\n<li>Digiregistratuuris \u00f6\u00f6p\u00e4evaringselt: <a href=\"https:\/\/veebiregistratuur.ee\/all\/74\">https:\/\/veebiregistratuur.ee\/all\/74<\/a><\/li>\n\n\n\n<li>Telefoni teel v\u00f5i registratuuris kohapeal, kasutades raviasutuse kodulehel olevaid kontakte v\u00f5i raviasutuse asukohas<\/li>\n<\/ul>\n\n\n\n<p><strong>Ravij\u00e4rjekorda kantakse j\u00e4rgmised andmed:<\/strong><\/p>\n\n\n\n<p>1) patsiendi ees- ja perekonnanimi, isikukood v\u00f5i selle puudumisel s\u00fcnniaeg;<\/p>\n\n\n\n<p>2) planeeritav vastuv\u00f5tu aeg;<\/p>\n\n\n\n<p>3) planeeritava tervishoiuteenuse osutamise n\u00e4idustus (diagnoos ja operatsiooni, uuringu v\u00f5i protseduuri nimetus);<\/p>\n\n\n\n<p>4) patsiendi kontaktandmed;<\/p>\n\n\n\n<p>5) suunava arsti kontaktandmed (suunamise olemasolul);<\/p>\n\n\n\n<p>6) patsiendi ravij\u00e4rjekorda registreerimise kuup\u00e4ev;<\/p>\n\n\n\n<p>7) ravij\u00e4rjekorras muudatuste tegemise (ravij\u00e4rjekorras ette- v\u00f5i tahapoole viimise v\u00f5i ravij\u00e4rjekorrast v\u00e4ljaarvamise) kuup\u00e4ev ja p\u00f5hjus;<\/p>\n\n\n\n<p>8) ravij\u00e4rjekorda panemise p\u00f5hjuse kood, kui ooteaeg \u00fcletab Eesti Tervisekassa n\u00f5ukogu poolt kinnitatud ravij\u00e4rjekorra maksimumpikkust;<\/p>\n\n\n\n<p>9) m\u00e4rge, et patsienti on teavitatud ravij\u00e4rjekorras muudatuste tegemisest.<\/p>\n\n\n\n<p>Patsiendi registreerimisel ravij\u00e4rjekorda antakse patsiendile kirjalik teatis\/meelespea, mis sisaldab tervishoiuteenuse osutamise aega ja teenuse osutaja nime, asutuse telefoni numbrit ja t\u00e4iendavat infot teenusele tuleku kohta.<\/p>\n","protected":false},"excerpt":{"rendered":"<p>Patsiendi ravij\u00e4rjekorda registreerimine on tagatud telefoni, digiregistratuuri v\u00f5i registratuuris kohapeal. Ravij\u00e4rjekorda saab registreerida: Ravij\u00e4rjekorda kantakse j\u00e4rgmised andmed: 1) patsiendi ees- ja perekonnanimi, isikukood v\u00f5i selle puudumisel s\u00fcnniaeg; 2) planeeritav vastuv\u00f5tu aeg; 3) planeeritava tervishoiuteenuse osutamise n\u00e4idustus (diagnoos ja operatsiooni, uuringu v\u00f5i protseduuri nimetus); 4) patsiendi kontaktandmed; 5) suunava arsti kontaktandmed &hellip;<\/p>\n","protected":false},"author":1,"featured_media":227,"parent":0,"menu_order":0,"comment_status":"closed","ping_status":"closed","template":"","meta":{"footnotes":""},"class_list":["post-283","page","type-page","status-publish","has-post-thumbnail","hentry"],"_links":{"self":[{"href":"https:\/\/almeda.ee\/eriarstid\/wp-json\/wp\/v2\/pages\/283","targetHints":{"allow":["GET"]}}],"collection":[{"href":"https:\/\/almeda.ee\/eriarstid\/wp-json\/wp\/v2\/pages"}],"about":[{"href":"https:\/\/almeda.ee\/eriarstid\/wp-json\/wp\/v2\/types\/page"}],"author":[{"embeddable":true,"href":"https:\/\/almeda.ee\/eriarstid\/wp-json\/wp\/v2\/users\/1"}],"replies":[{"embeddable":true,"href":"https:\/\/almeda.ee\/eriarstid\/wp-json\/wp\/v2\/comments?post=283"}],"version-history":[{"count":4,"href":"https:\/\/almeda.ee\/eriarstid\/wp-json\/wp\/v2\/pages\/283\/revisions"}],"predecessor-version":[{"id":610,"href":"https:\/\/almeda.ee\/eriarstid\/wp-json\/wp\/v2\/pages\/283\/revisions\/610"}],"wp:featuredmedia":[{"embeddable":true,"href":"https:\/\/almeda.ee\/eriarstid\/wp-json\/wp\/v2\/media\/227"}],"wp:attachment":[{"href":"https:\/\/almeda.ee\/eriarstid\/wp-json\/wp\/v2\/media?parent=283"}],"curies":[{"name":"wp","href":"https:\/\/api.w.org\/{rel}","templated":true}]}}