{"id":555,"date":"2025-03-14T08:47:55","date_gmt":"2025-03-14T08:47:55","guid":{"rendered":"https:\/\/almeda.ee\/eriarstid\/?page_id=555"},"modified":"2025-03-14T09:35:35","modified_gmt":"2025-03-14T09:35:35","slug":"projekt-integreeritud-sotsiaal-ja-tervishoiuteenustega-hooldekodu-rajamine-sillamaele","status":"publish","type":"page","link":"https:\/\/almeda.ee\/eriarstid\/projekt-integreeritud-sotsiaal-ja-tervishoiuteenustega-hooldekodu-rajamine-sillamaele\/","title":{"rendered":"Projekt &#8220;Integreeritud sotsiaal- ja tervishoiuteenustega hooldekodu rajamine Sillam\u00e4ele&#8221;"},"content":{"rendered":"\n<p>Projekti &#8220;Integreeritud sotsiaal- ja tervishoiuteenustega hooldekodu rajamine Sillam\u00e4ele&#8221; teostamiseks esitati taotlus Ettev\u00f5tluse ja Innovatsiooni Sihtasutusele Ida-\u200bViru ettev\u00f5tluse investeeringute toetuse saamiseks.<\/p>\n\n\n\n<p><strong>Projekti toetuse summa on maksimaalselt 917 544.10 EUR<\/strong>, minimaalne omafinantseerugu summa 852 155.90 EUR ning projekti kogumaksumus on 1\u00a0769\u00a0700 EUR (lisandub k\u00e4ibemaks).<br><br>Hooldekodu rajamisega toob Almeda Kliinik O\u00dc piirkonnas turule integreeritud ja mitmek\u00fclgse sotsiaal- ja tervishoiuteenuste paketi: \u00fcldhooldusteenus, \u00fcld- ja eriarstiabi ning \u00f5endusabi on k\u00e4ttesaadav \u00fchest kohast, mis pakub lisandv\u00e4\u00e4rtust klientidele ning loob ettev\u00f5ttele konkurentsieelise. Arendatava teenuse koosm\u00f5jul luuakse Sillam\u00e4ele integreeritud esmatasandi ja hoolekande teenuste t\u00f5mbekeskus.<\/p>\n\n\n\n<figure class=\"wp-block-image size-full\"><img loading=\"lazy\" decoding=\"async\" width=\"1022\" height=\"594\" src=\"https:\/\/almeda.ee\/eriarstid\/wp-content\/uploads\/2025\/03\/Kaasrahastanud_EL_kaksiklogod_EST_hor_color_RGB.png\" alt=\"\" class=\"wp-image-556\" srcset=\"https:\/\/almeda.ee\/eriarstid\/wp-content\/uploads\/2025\/03\/Kaasrahastanud_EL_kaksiklogod_EST_hor_color_RGB.png 1022w, https:\/\/almeda.ee\/eriarstid\/wp-content\/uploads\/2025\/03\/Kaasrahastanud_EL_kaksiklogod_EST_hor_color_RGB-300x174.png 300w, https:\/\/almeda.ee\/eriarstid\/wp-content\/uploads\/2025\/03\/Kaasrahastanud_EL_kaksiklogod_EST_hor_color_RGB-768x446.png 768w, https:\/\/almeda.ee\/eriarstid\/wp-content\/uploads\/2025\/03\/Kaasrahastanud_EL_kaksiklogod_EST_hor_color_RGB-344x200.png 344w\" sizes=\"auto, (max-width: 1022px) 100vw, 1022px\" \/><\/figure>\n\n\n\n<p><\/p>\n","protected":false},"excerpt":{"rendered":"<p>Projekti &#8220;Integreeritud sotsiaal- ja tervishoiuteenustega hooldekodu rajamine Sillam\u00e4ele&#8221; teostamiseks esitati taotlus Ettev\u00f5tluse ja Innovatsiooni Sihtasutusele Ida-\u200bViru ettev\u00f5tluse investeeringute toetuse saamiseks. Projekti toetuse summa on maksimaalselt 917 544.10 EUR, minimaalne omafinantseerugu summa 852 155.90 EUR ning projekti kogumaksumus on 1\u00a0769\u00a0700 EUR (lisandub k\u00e4ibemaks). Hooldekodu rajamisega toob Almeda Kliinik O\u00dc piirkonnas turule &hellip;<\/p>\n","protected":false},"author":2,"featured_media":0,"parent":0,"menu_order":0,"comment_status":"closed","ping_status":"closed","template":"","meta":{"footnotes":""},"class_list":["post-555","page","type-page","status-publish","hentry"],"_links":{"self":[{"href":"https:\/\/almeda.ee\/eriarstid\/wp-json\/wp\/v2\/pages\/555","targetHints":{"allow":["GET"]}}],"collection":[{"href":"https:\/\/almeda.ee\/eriarstid\/wp-json\/wp\/v2\/pages"}],"about":[{"href":"https:\/\/almeda.ee\/eriarstid\/wp-json\/wp\/v2\/types\/page"}],"author":[{"embeddable":true,"href":"https:\/\/almeda.ee\/eriarstid\/wp-json\/wp\/v2\/users\/2"}],"replies":[{"embeddable":true,"href":"https:\/\/almeda.ee\/eriarstid\/wp-json\/wp\/v2\/comments?post=555"}],"version-history":[{"count":7,"href":"https:\/\/almeda.ee\/eriarstid\/wp-json\/wp\/v2\/pages\/555\/revisions"}],"predecessor-version":[{"id":574,"href":"https:\/\/almeda.ee\/eriarstid\/wp-json\/wp\/v2\/pages\/555\/revisions\/574"}],"wp:attachment":[{"href":"https:\/\/almeda.ee\/eriarstid\/wp-json\/wp\/v2\/media?parent=555"}],"curies":[{"name":"wp","href":"https:\/\/api.w.org\/{rel}","templated":true}]}}