{"id":591,"date":"2025-12-18T15:10:37","date_gmt":"2025-12-18T15:10:37","guid":{"rendered":"https:\/\/almeda.ee\/eriarstid\/?page_id=591"},"modified":"2025-12-18T15:17:11","modified_gmt":"2025-12-18T15:17:11","slug":"patsiendikindlustus","status":"publish","type":"page","link":"https:\/\/almeda.ee\/eriarstid\/patsiendikindlustus\/","title":{"rendered":"Patsiendikindlustus"},"content":{"rendered":"\n<p>Almeda Kliinik O\u00dc peab t\u00e4htsaks patsientide ohutust ja ravi kvaliteeti. Vastavalt <em>Tervishoiuteenuse osutaja kohustusliku vastutuskindlustuse seadusele<\/em> on meie kliinikul s\u00f5lmitud kohustuslik vastutuskindlustuse leping (nn patsiendikindlustus).<br><br><strong>Kindlustusandja andmed<\/strong><\/p>\n\n\n\n<p>PZU Kindlustus (AB &#8220;Lietuvos draudimas&#8221; Eesti filiaal).<\/p>\n\n\n\n<p><strong>Kindlustuskaitse periood<\/strong><\/p>\n\n\n\n<p>01.12.2025 &#8211; 30.11.2026&nbsp;<\/p>\n\n\n\n<p><strong>Kindlustussumma<\/strong><\/p>\n\n\n\n<ul class=\"wp-block-list\">\n<li>K\u00f5ikide n\u00f5uete h\u00fcvitispiir kindlustusperioodi kohta kokku on 3 000 000 eurot<\/li>\n\n\n\n<li>H\u00fcvitispiir kindlustusjuhtumi kohta on 300 000 eurot<\/li>\n\n\n\n<li>H\u00fcvitispiir \u00f5igustatud isiku kohta on 100 000 eurot&nbsp;<\/li>\n<\/ul>\n\n\n\n<p><strong>Mittevaralise kahju kindlustussumma<\/strong>&nbsp;<em>(Mittevaralise kahju h\u00fcvitis loetakse \u00fclaltoodud kindlustussumma hulka)<\/em><\/p>\n\n\n\n<ul class=\"wp-block-list\">\n<li>H\u00fcvitispiir kindlustusjuhtumi kohta 100 000 eurot<\/li>\n\n\n\n<li>H\u00fcvitispiir \u00f5igustatud isiku kohta 30 000 eurot<\/li>\n<\/ul>\n\n\n\n<p><strong>Kahjun\u00f5ude esitamine<\/strong><\/p>\n\n\n\n<p>Patsiendil v\u00f5i teisel \u00f5igustatud isikul on \u00f5igus esitada kindlustusjuhtumi korral kahjun\u00f5ue l\u00e4bi <a href=\"https:\/\/www.pzu.ee\/iseteenindus\/\">PZU Kindlustuse Iseteeninduse<\/a> ning kindlustusandja v\u00f5tab teiega \u00fchendust. Samuti on v\u00f5imalik esitada kahjun\u00f5ue Almeda Kliiniku kontaktidel (e-postil\u202f<a href=\"mailto:info@almeda.ee\">info@almeda.ee<\/a>, postiaadressil Aasa 4, 20605, Narva), mille j\u00e4rel v\u00f5tab kliinik Teiega \u00fchendust ning edastab kahjun\u00f5ude kindlustusandjale.<\/p>\n\n\n\n<p>Kahjuteates tuleb m\u00e4rkida, mis juhtus ja mis p\u00f5hjustab patsiendis rahulolematust. Teates ootab kindlustusandja muu hulgas kirjeldust kahju tekitanud tervishoiuteenuse osutamise kohta, kes teenust osutasid, kus seda tehti ning milliseks hindab patsient tervisekahju raskusastet. Kahjuteatesse v\u00f5ib m\u00e4rkida kahju t\u00f5ttu tekkinud t\u00e4iendavate kulude suuruse v\u00f5i soetatud meditsiiniliste abivahendite maksumuse.<\/p>\n\n\n\n<p>Kui kahjun\u00f5ude esitaja pole kindlustusandja h\u00fcvitamise otsusega rahul, j\u00e4\u00e4b talle v\u00f5imalus p\u00f6\u00f6rduda Tervisameti lepituskomisjoni<strong>&nbsp;<\/strong>poole.<\/p>\n\n\n\n<p><strong>Kindlustusjuhtum<\/strong> <\/p>\n\n\n\n<p>Kindlustusjuhtum on tervishoiuteenuse osutaja kohustuse rikkumine, kui tervishoiuteenuse osutamisega on p\u00f5hjustatud patsiendi kehavigastus, tervisekahjustus v\u00f5i surm ja tervishoiuteenuse osutaja vastutab tekkinud kahju eest v\u00f5la\u00f5igusseaduse alusel ning kahju on tekkinud <a href=\"https:\/\/www.riigiteataja.ee\/akt\/121062024030\">Tervishoiuteenuse osutaja kohustusliku vastutuskindlustuse seaduse<\/a> paragrahvi 10 l\u00f5ikes 2 s\u00e4testatud asjaolu tagaj\u00e4rjel.<\/p>\n\n\n\n<p>Kindlustus ei kata ravi t\u00fcsistusi v\u00f5i k\u00f5rvaltoimeid, mis on meditsiiniliselt paratamatud, ega olukordi, kus soovitud ravitulemust ei saavutatud, kuid raviteenus osutati korrektselt.<\/p>\n\n\n\n<p><strong>Kasulikud lingid<\/strong><\/p>\n\n\n\n<p><a href=\"https:\/\/terviseamet.ee\/patsiendikindlustus\">Terviseameti patsiendikindlustuse infoleht<\/a><\/p>\n\n\n\n<p><a href=\"https:\/\/www.riigiteataja.ee\/akt\/121062024030\">Tervishoiuteenuse osutaja kohustusliku vastutuskindlustuse seadus<\/a><\/p>\n\n\n\n<p><a href=\"https:\/\/pzu.ee\/ariklient\/tervishoiuteenuse-osutaja-kohustuslik-vastutuskindlustus\">PZU tervishoiuteenuse osutajakohustuslik vastutuskindlustus<\/a><\/p>\n","protected":false},"excerpt":{"rendered":"<p>Almeda Kliinik O\u00dc peab t\u00e4htsaks patsientide ohutust ja ravi kvaliteeti. Vastavalt Tervishoiuteenuse osutaja kohustusliku vastutuskindlustuse seadusele on meie kliinikul s\u00f5lmitud kohustuslik vastutuskindlustuse leping (nn patsiendikindlustus). Kindlustusandja andmed PZU Kindlustus (AB &#8220;Lietuvos draudimas&#8221; Eesti filiaal). Kindlustuskaitse periood 01.12.2025 &#8211; 30.11.2026&nbsp; Kindlustussumma Mittevaralise kahju kindlustussumma&nbsp;(Mittevaralise kahju h\u00fcvitis loetakse \u00fclaltoodud kindlustussumma hulka) Kahjun\u00f5ude &hellip;<\/p>\n","protected":false},"author":2,"featured_media":0,"parent":0,"menu_order":0,"comment_status":"closed","ping_status":"closed","template":"","meta":{"footnotes":""},"class_list":["post-591","page","type-page","status-publish","hentry"],"_links":{"self":[{"href":"https:\/\/almeda.ee\/eriarstid\/wp-json\/wp\/v2\/pages\/591","targetHints":{"allow":["GET"]}}],"collection":[{"href":"https:\/\/almeda.ee\/eriarstid\/wp-json\/wp\/v2\/pages"}],"about":[{"href":"https:\/\/almeda.ee\/eriarstid\/wp-json\/wp\/v2\/types\/page"}],"author":[{"embeddable":true,"href":"https:\/\/almeda.ee\/eriarstid\/wp-json\/wp\/v2\/users\/2"}],"replies":[{"embeddable":true,"href":"https:\/\/almeda.ee\/eriarstid\/wp-json\/wp\/v2\/comments?post=591"}],"version-history":[{"count":18,"href":"https:\/\/almeda.ee\/eriarstid\/wp-json\/wp\/v2\/pages\/591\/revisions"}],"predecessor-version":[{"id":612,"href":"https:\/\/almeda.ee\/eriarstid\/wp-json\/wp\/v2\/pages\/591\/revisions\/612"}],"wp:attachment":[{"href":"https:\/\/almeda.ee\/eriarstid\/wp-json\/wp\/v2\/media?parent=591"}],"curies":[{"name":"wp","href":"https:\/\/api.w.org\/{rel}","templated":true}]}}